{"id":14370,"date":"2022-09-23T09:04:02","date_gmt":"2022-09-23T09:04:02","guid":{"rendered":"https:\/\/prussiani.com\/cookie-policy\/"},"modified":"2023-03-02T09:03:28","modified_gmt":"2023-03-02T09:03:28","slug":"cookie-policy","status":"publish","type":"page","link":"https:\/\/prussiani.com\/ru\/cookie-policy\/","title":{"rendered":"Cookie Policy"},"content":{"rendered":"\t\t<div data-elementor-type=\"wp-page\" data-elementor-id=\"14370\" class=\"elementor elementor-14370 elementor-10288\" data-elementor-post-type=\"page\">\n\t\t\t\t\t\t<section class=\"elementor-section elementor-top-section elementor-element elementor-element-4764324 elementor-section-boxed elementor-section-height-default elementor-section-height-default\" data-id=\"4764324\" data-element_type=\"section\" data-e-type=\"section\">\n\t\t\t\t\t\t<div class=\"elementor-container elementor-column-gap-default\">\n\t\t\t\t\t<div class=\"elementor-column elementor-col-100 elementor-top-column elementor-element elementor-element-86e4c25\" data-id=\"86e4c25\" data-element_type=\"column\" data-e-type=\"column\">\n\t\t\t<div class=\"elementor-widget-wrap elementor-element-populated\">\n\t\t\t\t\t\t<section class=\"elementor-section elementor-inner-section elementor-element elementor-element-1dd9c16 elementor-section-boxed elementor-section-height-default elementor-section-height-default\" data-id=\"1dd9c16\" data-element_type=\"section\" data-e-type=\"section\">\n\t\t\t\t\t\t<div class=\"elementor-container elementor-column-gap-default\">\n\t\t\t\t\t<div class=\"elementor-column elementor-col-100 elementor-inner-column elementor-element elementor-element-b12501d\" data-id=\"b12501d\" data-element_type=\"column\" data-e-type=\"column\">\n\t\t\t<div class=\"elementor-widget-wrap elementor-element-populated\">\n\t\t\t\t\t\t<div class=\"elementor-element elementor-element-b54fd08 elementor-widget elementor-widget-text-editor\" data-id=\"b54fd08\" data-element_type=\"widget\" data-e-type=\"widget\" data-widget_type=\"text-editor.default\">\n\t\t\t\t<div class=\"elementor-widget-container\">\n\t\t\t\t\t\t\t\t\t<h2>Informazioni generali sui cookie<\/h2><p>I cookie sono stringhe di testo di piccole dimensioni (lettere e\/o numeri) che i siti web visitati dall\u2019utente inviano al browser, all\u2019interno del quale vengono memorizzati per essere poi ritrasmessi agli stessi siti alla successiva visita del medesimo utente.<br>I cookie vengono memorizzati dal singolo browser sullo specifico dispositivo utilizzato (computer, tablet, smartphone, etc).<br>Nel corso della navigazione su un sito web possono risiedere alcuni elementi (quali, ad esempio, immagini, mappe, suoni, specifici link a pagine di altri domini) di altri siti web. In questi casi l\u2019utente potrebbe ricevere sul suo terminale anche cookie che vengono inviati da questi ultimi (c.d. \u201cterze parti\u201d).<br>Tecnologie similari, come, ad esempio, web beacon e GIF trasparenti sono utilizzabili per raccogliere informazioni sul comportamento dell\u2019utente e sull\u2019utilizzo dei servizi. Nel seguito di questo documento faremo riferimento ai cookie e a tutte le tecnologie similari utilizzando semplicemente il termine \u201ccookie\u201d.<br>I cookie sono classificati in base alla durata e al sito web che li ha impostati.<br>Riteniamo che sia essenziale fornire agli utenti informazioni sui cookie di cui il nostro sito web si avvale e sugli scopi per cui vengono utilizzati. L\u2019obiettivo \u00e8 triplice: garantire la vostra privacy, assicurare la semplicit\u00e0 di utilizzo e ottimizzare lo sviluppo del nostro sito web. Di seguito vengono illustrate le principali tipologie di cookie e i relativi scopi per i quali vengono utilizzati.<\/p><h3>Cookie tecnici<\/h3><p>I <b>cookie tecnici<\/b> sono quelli utilizzati al solo fine di \u201ceffettuare la trasmissione di una comunicazione su una rete di comunicazione elettronica, o nella misura strettamente necessaria al fornitore di un servizio della societ\u00e0 dell\u2019informazione esplicitamente richiesto dall\u2019abbonato o dall\u2019utente a erogare tale servizio\u201d (Articolo 122, comma 1, del D.Lgs. 196\/2003 \u201cCodice in materia di protezione dei dati personali\u201d).<br>Essi non vengono utilizzati per scopi ulteriori e sono normalmente installati direttamente dal titolare o gestore del sito web. Possono essere suddivisi in cookie di navigazione o di sessione, che garantiscono la normale navigazione e fruizione del sito web.<br>I <b>cookie di sessione<\/b> vengono archiviati temporaneamente nella memoria del dispositivo durante la navigazione di un sito, ad esempio, per tenere traccia della lingua scelta o autenticarsi per accedere ad aree riservate. I cookie di sessione rimangono memorizzati nel dispositivo per un breve periodo di tempo. Vengono infatti eliminati non appena l\u2019utente chiude il browser.<br>I <b>cookie permanenti<\/b> salvano un file sul dispositivo per un lungo periodo di tempo. Questo tipo di cookie possiede una data di scadenza. I cookie permanenti consentono ai siti web di ricordare informazioni e impostazioni alle successive visite degli utenti, rendendo cos\u00ec l\u2019esplorazione pi\u00f9 pratica e rapida, poich\u00e9, ad esempio, non \u00e8 pi\u00f9 necessario effettuare l\u2019accesso.<br>Alla data di scadenza, il cookie viene automaticamente eliminato quando si effettua il primo accesso al sito web che lo ha creato.<br>I <b>cookie<\/b><b> di funzionalit\u00e0<\/b> permettono all\u2019utente la navigazione in funzione di una serie di criteri selezionati (ad esempio, la lingua, i prodotti selezionati per l\u2019acquisto) al fine di migliorare il servizio reso.<br>I <b>cookie analytics<\/b>, sono assimilati ai cookie tecnici laddove utilizzati direttamente dal gestore del sito web per raccogliere informazioni, in forma aggregata ed anonima, sul numero degli utenti e su come questi visitano il sito stesso.<br><b>Per l\u2019installazione di tutte le tipologie di cookie tecnici non \u00e8 richiesto il preventivo consenso degli utenti.<\/b><br>Di seguito riportiamo l\u2019elenco dei cookie tecnici utilizzati dal nostro sito.<\/p><table border=\"1\" cellspacing=\"0\" cellpadding=\"0\"><thead><tr><td>Denominazione cookie<\/td><td>Durata (permanente o di sessione)<\/td><\/tr><\/thead><tbody><tr><td valign=\"top\">_ga<\/td><td valign=\"top\">2 anni<\/td><\/tr><tr><td valign=\"top\">_gat<\/td><td valign=\"top\">10 minuti<\/td><\/tr><tr><td valign=\"top\">_icl_current_language<\/td><td valign=\"top\">1 giorno<\/td><\/tr><tr><td valign=\"top\">cookie_notice_accepted<\/td><td valign=\"top\">1 mese<\/td><\/tr><tr><td valign=\"top\">wfvt_412641397<\/td><td valign=\"top\">30 minuti<\/td><\/tr><tr><td valign=\"top\">wordfence_verifiedHuman<\/td><td valign=\"top\">1 giorno<\/td><\/tr><tr><td valign=\"top\">wpml_referer_url<\/td><td valign=\"top\">1 giorno<\/td><\/tr><\/tbody><\/table><p> <\/p><h3>Cookie di profilazione<\/h3><p>I <b>cookie di profilazione<\/b> sono volti a creare profili relativi all\u2019utente e vengono utilizzati al fine di inviare messaggi pubblicitari in linea con le preferenze manifestate dallo stesso nell\u2019ambito della navigazione in rete. In ragione della particolare invasivit\u00e0 che tali dispositivi possono avere nell\u2019ambito della sfera privata degli utenti, la normativa europea e italiana prevede che l\u2019utente debba essere adeguatamente informato sull\u2019uso degli stessi ed esprimere cos\u00ec il proprio valido consenso.<br><b>Il nostro Sito non utilizza cookie di profilazione.<\/b><\/p><h3>Cookie di terze parti<\/h3><p>Visitando il sito web si possono ricevere cookie sia dal sito visitato (\u201cproprietari\u201d), sia da siti gestiti da altre organizzazioni (\u201cterze parti\u201d).<br>Un esempio notevole \u00e8 rappresentato dalla presenza dei social plugin per Facebook, Twitter, Google+ e LinkedIn.<br>L\u2019utilizzo pi\u00f9 comune dei social plugin \u00e8 finalizzato alla condivisione dei contenuti sui social network.<br>La presenza sul sito di questi plugin comporta la trasmissione di cookie da e verso tutti i siti gestiti da terze parti. La gestione delle informazioni raccolte da \u201cterze parti\u201d \u00e8 disciplinata dalle relative informative cui si prega di fare riferimento.<br>Per garantire una maggiore trasparenza e comodit\u00e0, si riportano qui di seguito gli indirizzi web delle diverse informative e delle modalit\u00e0 per la gestione dei cookie.<br>Facebook informativa: <a href=\"https:\/\/www.facebook.com\/help\/cookies\/\" target=\"_blank\" rel=\"noopener noreferrer\">https:\/\/www.facebook.com\/help\/cookies\/<\/a><br>Facebook (configurazione): accedere al proprio account. Sezione privacy.<br>Twitter informative: <a href=\"https:\/\/support.twitter.com\/articles\/20170514\" target=\"_blank\" rel=\"noopener noreferrer\">https:\/\/support.twitter.com\/articles\/20170514<\/a><br>Twitter (configurazione): <a href=\"https:\/\/twitter.com\/settings\/security\" target=\"_blank\" rel=\"noopener noreferrer\">https:\/\/twitter.com\/settings\/security<\/a><br>Linkedin informativa: <a href=\"https:\/\/www.linkedin.com\/legal\/cookie-policy\" target=\"_blank\" rel=\"noopener noreferrer\">https:\/\/www.linkedin.com\/legal\/cookie-policy<\/a><br>Linkedin (configurazione): <a href=\"https:\/\/www.linkedin.com\/settings\/\" target=\"_blank\" rel=\"noopener noreferrer\">https:\/\/www.linkedin.com\/settings\/<\/a><br>Google+ informativa: <a href=\"http:\/\/www.google.it\/intl\/it\/policies\/technologies\/cookies\/\" target=\"_blank\" rel=\"noopener noreferrer\">http:\/\/www.google.it\/intl\/it\/policies\/technologies\/cookies\/<\/a><br>Google+ (configurazione): <a href=\"http:\/\/www.google.it\/intl\/it\/policies\/technologies\/managing\/\" target=\"_blank\" rel=\"noopener noreferrer\">http:\/\/www.google.it\/intl\/it\/policies\/technologies\/managing\/<\/a><\/p><p>Google Analytics<br>Questo sito web utilizza <b>Google Analytics<\/b>, un servizio di analisi web fornito da Google. Google Analytics utilizza dei cookie per analizzare come gli utenti utilizzano il sito. Le informazioni generate dai cookie sull\u2019utilizzo del sito web (compreso l\u2019indirizzo IP) verranno trasmesse e depositate presso i server di Google negli Stati Uniti. Google utilizzer\u00e0 queste informazioni allo scopo di esaminare l\u2019utilizzo del sito web, compilare report sulle attivit\u00e0 del sito per gli operatori dello stesso e fornire altri servizi relativi alle attivit\u00e0 del sito web e all\u2019utilizzo di Internet in forma aggregata ed anonima. Google pu\u00f2 anche trasferire queste informazioni a terzi ove ci\u00f2 sia imposto dalla legge o laddove tali terzi trattino le suddette informazioni per conto di Google. Google non assocer\u00e0 l\u2019indirizzo IP a nessun altro dato posseduto da Google. Google Inc. \u00e8 il relativo Titolare del trattamento.<br>Per ulteriori informazioni, si rinvia al link di seguito indicato:<br><a href=\"https:\/\/www.google.it\/policies\/privacy\/partners\/\" target=\"_blank\" rel=\"noopener noreferrer\">https:\/\/www.google.it\/policies\/privacy\/partners\/<\/a><br>L\u2019utente pu\u00f2 disabilitare in modo selettivo l\u2019azione di Google Analytics installando sul proprio browser la componente di opt-out fornito da Google. Per disabilitare l\u2019azione di Google Analytics, si rinvia al link di seguito indicato:<br><a href=\"https:\/\/tools.google.com\/dlpage\/gaoptout\" target=\"_blank\" rel=\"noopener noreferrer\">https:\/\/tools.google.com\/dlpage\/gaoptout<\/a><\/p><p>Modalit\u00e0 di avviso all\u2019utente per l\u2019utilizzo dei cookie<\/p><p>Quando si visita per la prima volta il nostro sito web, viene visualizzato un banner per informare che la societ\u00e0 Prussiani Engineering S.p.A. utilizza i cookie descritti nel presente documento. Il banner richiede all\u2019utente se desidera ulteriori informazioni sui cookie utilizzati dal sito e contiene un collegamento per aprire la pagina corrispondente.<\/p><p>Disattivazione, attivazione o eliminazione dei cookie<\/p><p>In qualsiasi momento, l\u2019utente pu\u00f2 limitare o bloccare i cookie mediante le impostazioni del browser (Internet Explorer, Google Chrome, Mozzilla Firefox, Opera, Safari, etc.).L\u2019impostazione pu\u00f2 essere definita in modo specifico per i diversi siti e applicazioni web.<br>Informazioni pi\u00f9 dettagliate relative alle procedure sulla gestione dei cookie (<b>disattivazione, attivazione, eliminazione e controllo<\/b>) sono disponibili consultando l\u2019indirizzo www.aboutcookies.org o ai seguenti indirizzi dei browser pi\u00f9 utilizzati:<br>Chrome: <a href=\"https:\/\/support.google.com\/chrome\/answer\/95647?hl=it\" target=\"_blank\" rel=\"noopener noreferrer\">https:\/\/support.google.com\/chrome\/answer\/95647?hl=it<\/a><br>Firefox: <a href=\"https:\/\/support.mozilla.org\/it\/kb\/Gestione%20dei%20cookie\" target=\"_blank\" rel=\"noopener noreferrer\">https:\/\/support.mozilla.org\/it\/kb\/Gestione%20dei%20cookie<\/a><br>Internet Explorer: <a href=\"http:\/\/windows.microsoft.com\/it-it\/windows7\/how-to-manage-cookies-in-internet-explorer-9\" target=\"_blank\" rel=\"noopener noreferrer\">http:\/\/windows.microsoft.com\/it-it\/windows7\/how-to-manage-cookies-in-internet-explorer-9<\/a><br>Opera: <a href=\"http:\/\/help.opera.com\/Windows\/10.00\/it\/cookies.html\" target=\"_blank\" rel=\"noopener noreferrer\">http:\/\/help.opera.com\/Windows\/10.00\/it\/cookies.html<\/a><br>Safari: <a href=\"http:\/\/support.apple.com\/kb\/HT1677?viewlocale=it_IT\" target=\"_blank\" rel=\"noopener noreferrer\">http:\/\/support.apple.com\/kb\/HT1677?viewlocale=it_IT<\/a><br><b>Se impostate il blocco della memorizzazione dei cookie, non possiamo pi\u00f9 garantire un corretto funzionamento del sito web ed alcune funzioni del sito potrebbero risultare non disponibili.<\/b><br>La disabilitazione dei soli cookie \u201cterze parti\u201d non pregiudica in alcun modo la navigabilit\u00e0.<br>\u00c8 importante sottolineare che le impostazioni devono essere modificate separatamente in ogni browser e dispositivo utilizzato (PC, notebook, smartphone, tablet, etc.).<\/p><p>Modalit\u00e0 del trattamento<\/p><p>I dati personali sono trattati con strumenti automatizzati per il tempo strettamente necessario a conseguire gli scopi per cui sono stati raccolti.<br>Specifiche misure di sicurezza sono osservate per prevenire la perdita, usi illeciti e\/o non corretti, accessi non autorizzati dei dati.<\/p><p>Titolare del trattamento dei dati personali<\/p><p>A seguito della consultazione di questo Sito possono essere trattati dati relativi a persone identificate o identificabili.<br>Il Titolare del trattamento dei dati personali \u00e8 la societ\u00e0 Prussiani Engineering S.p.A., con sede in via Luigi Galvani,16 \u2013 24061 \u2013 Albano Sant\u2019Alessandro (BG).<\/p><p>Diritti degli Interessati<\/p><p>Il soggetto cui si riferiscono i dati personali ha il diritto in qualunque momento di ottenere la conferma dell\u2019esistenza o meno dei medesimi dati e di conoscerne il contenuto e l\u2019origine, verificarne l\u2019esattezza o chiederne l\u2019integrazione o l\u2019aggiornamento, oppure la rettificazione (Articolo 7 del D.Lgs. n. 196\/2003).<br>Ai sensi del medesimo Articolo si ha il diritto di chiedere la cancellazione, la trasformazione in forma anonima o il blocco dei dati trattati in violazione di legge, nonch\u00e9 di opporsi in ogni caso, per motivi legittimi, al loro trattamento. I diritti relativi all\u2019Articolo 7 del D.Lgs. n. 196\/2003 potranno essere esercitati mediante richiesta rivolta senza formalit\u00e0 (consegna a mano, posta tradizionale, fax) al Titolare o al Responsabile della sicurezza e protezione dei dati personali recapitata presso la sede della societ\u00e0 in via Luigi Galvani,16 \u2013 24061 \u2013 Albano Sant\u2019Alessandro (BG) o al seguente indirizzo di posta elettronica <a>info@prussiani.com<\/a>.<\/p><p>Decreto Legislativo n. 196\/2003 Codice Privacy: Articolo 7 \u2013 Diritto di accesso ai dati personali ed altri diritti<\/p><p>In qualsiasi momento, l\u2019utente pu\u00f2 esercitare i diritti previsti dall\u2019Art. 7 del D.Lgs. 196\/2003: <b>L\u2019Interessato ha diritto<\/b> di accedere ai dati personali.<br><b>L\u2019Interessato ha diritto<\/b> di ottenere la conferma dell\u2019esistenza o meno di dati personali che lo riguardano, anche se non ancora registrati, e la loro comunicazione in forma intelligibile.<br><b>L\u2019Interessato ha diritto<\/b> di ottenere l\u2019indicazione:<\/p><ul><li>dell\u2019origine dei dati personali, delle finalit\u00e0 e modalit\u00e0 del trattamento;<\/li><li>della logica applicata in caso di trattamento effettuato con l\u2019ausilio di strumenti elettronici;<\/li><li>degli estremi identificativi del Titolare, dei Responsabili e del rappresentante designato ai sensi dell\u2019articolo 5, comma 2;<\/li><li>dei soggetti o delle categorie di soggetti ai quali i dati personali possono essere comunicati o che possono venirne a conoscenza in qualit\u00e0 di rappresentanti designati nel territorio dello Stato, di Responsabili o Incaricati.<\/li><\/ul><p><b>L\u2019Interessato ha diritto <\/b>di ottenere:<\/p><ul><li>l\u2019aggiornamento, la rettificazione ovvero, quando vi ha interesse, l\u2019integrazione dei dati;<\/li><li>la cancellazione, la trasformazione in forma anonima o il blocco dei dati trattati in violazione di legge, compresi quelli di cui non \u00e8 necessaria la conservazione in relazione agli scopi per i quali i dati sono stati raccolti o successivamente trattati.<\/li><\/ul><p><b>L\u2019Interessato ha diritto<\/b> di opporsi, in tutto o in parte:<\/p><ul><li>per motivi legittimi al trattamento dei dati personali che lo riguardano, ancorch\u00e9 pertinenti allo scopo della raccolta;<\/li><li>al trattamento di dati personali che lo riguardano a fini di invio di materiale pubblicitario o di vendita diretta o per il compimento di ricerche di mercato o di comunicazione commerciale.<\/li><\/ul>\t\t\t\t\t\t\t\t<\/div>\n\t\t\t\t<\/div>\n\t\t\t\t\t<\/div>\n\t\t<\/div>\n\t\t\t\t\t<\/div>\n\t\t<\/section>\n\t\t\t\t\t<\/div>\n\t\t<\/div>\n\t\t\t\t\t<\/div>\n\t\t<\/section>\n\t\t\t\t<\/div>\n\t\t","protected":false},"excerpt":{"rendered":"<p>Informazioni generali sui cookie I cookie sono stringhe di testo di piccole dimensioni (lettere e\/o numeri) che i siti web visitati dall\u2019utente inviano al browser, all\u2019interno del quale vengono memorizzati per essere poi ritrasmessi agli stessi siti alla successiva visita del medesimo utente.I cookie vengono memorizzati dal singolo browser sullo specifico dispositivo utilizzato (computer, tablet, [&hellip;]<\/p>\n","protected":false},"author":8923,"featured_media":0,"parent":0,"menu_order":0,"comment_status":"closed","ping_status":"closed","template":"","meta":{"footnotes":""},"class_list":["post-14370","page","type-page","status-publish","hentry"],"yoast_head":"<!-- This site is optimized with the Yoast SEO plugin v27.3 - https:\/\/yoast.com\/product\/yoast-seo-wordpress\/ -->\n<title>Cookie Policy - Prussiani<\/title>\n<meta name=\"robots\" content=\"index, follow, max-snippet:-1, max-image-preview:large, max-video-preview:-1\" \/>\n<link rel=\"canonical\" href=\"https:\/\/prussiani.com\/ru\/cookie-policy\/\" \/>\n<meta property=\"og:locale\" content=\"ru_RU\" \/>\n<meta property=\"og:type\" content=\"article\" \/>\n<meta property=\"og:title\" content=\"Cookie Policy - Prussiani\" \/>\n<meta property=\"og:description\" content=\"Informazioni generali sui cookie I cookie sono stringhe di testo di piccole dimensioni (lettere e\/o numeri) che i siti web visitati dall\u2019utente inviano al browser, all\u2019interno del quale vengono memorizzati per essere poi ritrasmessi agli stessi siti alla successiva visita del medesimo utente.I cookie vengono memorizzati dal singolo browser sullo specifico dispositivo utilizzato (computer, tablet, [&hellip;]\" \/>\n<meta property=\"og:url\" content=\"https:\/\/prussiani.com\/ru\/cookie-policy\/\" \/>\n<meta property=\"og:site_name\" content=\"Prussiani\" \/>\n<meta property=\"article:publisher\" content=\"https:\/\/www.facebook.com\/prussianieng\/\" \/>\n<meta property=\"article:modified_time\" content=\"2023-03-02T09:03:28+00:00\" \/>\n<meta name=\"twitter:card\" content=\"summary_large_image\" \/>\n<meta name=\"twitter:label1\" content=\"\u041f\u0440\u0438\u043c\u0435\u0440\u043d\u043e\u0435 \u0432\u0440\u0435\u043c\u044f \u0434\u043b\u044f \u0447\u0442\u0435\u043d\u0438\u044f\" \/>\n\t<meta name=\"twitter:data1\" content=\"9 \u043c\u0438\u043d\u0443\u0442\" \/>\n<script type=\"application\/ld+json\" class=\"yoast-schema-graph\">{\"@context\":\"https:\\\/\\\/schema.org\",\"@graph\":[{\"@type\":\"WebPage\",\"@id\":\"https:\\\/\\\/prussiani.com\\\/ru\\\/cookie-policy\\\/\",\"url\":\"https:\\\/\\\/prussiani.com\\\/ru\\\/cookie-policy\\\/\",\"name\":\"Cookie Policy - Prussiani\",\"isPartOf\":{\"@id\":\"https:\\\/\\\/prussiani.com\\\/#website\"},\"datePublished\":\"2022-09-23T09:04:02+00:00\",\"dateModified\":\"2023-03-02T09:03:28+00:00\",\"breadcrumb\":{\"@id\":\"https:\\\/\\\/prussiani.com\\\/ru\\\/cookie-policy\\\/#breadcrumb\"},\"inLanguage\":\"ru-RU\",\"potentialAction\":[{\"@type\":\"ReadAction\",\"target\":[\"https:\\\/\\\/prussiani.com\\\/ru\\\/cookie-policy\\\/\"]}]},{\"@type\":\"BreadcrumbList\",\"@id\":\"https:\\\/\\\/prussiani.com\\\/ru\\\/cookie-policy\\\/#breadcrumb\",\"itemListElement\":[{\"@type\":\"ListItem\",\"position\":1,\"name\":\"Home\",\"item\":\"https:\\\/\\\/prussiani.com\\\/\"},{\"@type\":\"ListItem\",\"position\":2,\"name\":\"Cookie Policy\"}]},{\"@type\":\"WebSite\",\"@id\":\"https:\\\/\\\/prussiani.com\\\/#website\",\"url\":\"https:\\\/\\\/prussiani.com\\\/\",\"name\":\"Prussiani Engineering\",\"description\":\"Stone Machine Culture\",\"publisher\":{\"@id\":\"https:\\\/\\\/prussiani.com\\\/#organization\"},\"potentialAction\":[{\"@type\":\"SearchAction\",\"target\":{\"@type\":\"EntryPoint\",\"urlTemplate\":\"https:\\\/\\\/prussiani.com\\\/?s={search_term_string}\"},\"query-input\":{\"@type\":\"PropertyValueSpecification\",\"valueRequired\":true,\"valueName\":\"search_term_string\"}}],\"inLanguage\":\"ru-RU\"},{\"@type\":\"Organization\",\"@id\":\"https:\\\/\\\/prussiani.com\\\/#organization\",\"name\":\"Prussiani Engineering\",\"url\":\"https:\\\/\\\/prussiani.com\\\/\",\"logo\":{\"@type\":\"ImageObject\",\"inLanguage\":\"ru-RU\",\"@id\":\"https:\\\/\\\/prussiani.com\\\/#\\\/schema\\\/logo\\\/image\\\/\",\"url\":\"https:\\\/\\\/prussiani.com\\\/wp-content\\\/uploads\\\/2022\\\/10\\\/prussiani-logo@2x.png\",\"contentUrl\":\"https:\\\/\\\/prussiani.com\\\/wp-content\\\/uploads\\\/2022\\\/10\\\/prussiani-logo@2x.png\",\"width\":402,\"height\":188,\"caption\":\"Prussiani Engineering\"},\"image\":{\"@id\":\"https:\\\/\\\/prussiani.com\\\/#\\\/schema\\\/logo\\\/image\\\/\"},\"sameAs\":[\"https:\\\/\\\/www.facebook.com\\\/prussianieng\\\/\",\"https:\\\/\\\/www.instagram.com\\\/prussiani_engineering\\\/\",\"https:\\\/\\\/www.linkedin.com\\\/company\\\/prussiani-engineering-s-r-l-\\\/\",\"https:\\\/\\\/www.youtube.com\\\/user\\\/Prussianiengineering\"]}]}<\/script>\n<!-- \/ Yoast SEO plugin. -->","yoast_head_json":{"title":"Cookie Policy - Prussiani","robots":{"index":"index","follow":"follow","max-snippet":"max-snippet:-1","max-image-preview":"max-image-preview:large","max-video-preview":"max-video-preview:-1"},"canonical":"https:\/\/prussiani.com\/ru\/cookie-policy\/","og_locale":"ru_RU","og_type":"article","og_title":"Cookie Policy - Prussiani","og_description":"Informazioni generali sui cookie I cookie sono stringhe di testo di piccole dimensioni (lettere e\/o numeri) che i siti web visitati dall\u2019utente inviano al browser, all\u2019interno del quale vengono memorizzati per essere poi ritrasmessi agli stessi siti alla successiva visita del medesimo utente.I cookie vengono memorizzati dal singolo browser sullo specifico dispositivo utilizzato (computer, tablet, [&hellip;]","og_url":"https:\/\/prussiani.com\/ru\/cookie-policy\/","og_site_name":"Prussiani","article_publisher":"https:\/\/www.facebook.com\/prussianieng\/","article_modified_time":"2023-03-02T09:03:28+00:00","twitter_card":"summary_large_image","twitter_misc":{"\u041f\u0440\u0438\u043c\u0435\u0440\u043d\u043e\u0435 \u0432\u0440\u0435\u043c\u044f \u0434\u043b\u044f \u0447\u0442\u0435\u043d\u0438\u044f":"9 \u043c\u0438\u043d\u0443\u0442"},"schema":{"@context":"https:\/\/schema.org","@graph":[{"@type":"WebPage","@id":"https:\/\/prussiani.com\/ru\/cookie-policy\/","url":"https:\/\/prussiani.com\/ru\/cookie-policy\/","name":"Cookie Policy - Prussiani","isPartOf":{"@id":"https:\/\/prussiani.com\/#website"},"datePublished":"2022-09-23T09:04:02+00:00","dateModified":"2023-03-02T09:03:28+00:00","breadcrumb":{"@id":"https:\/\/prussiani.com\/ru\/cookie-policy\/#breadcrumb"},"inLanguage":"ru-RU","potentialAction":[{"@type":"ReadAction","target":["https:\/\/prussiani.com\/ru\/cookie-policy\/"]}]},{"@type":"BreadcrumbList","@id":"https:\/\/prussiani.com\/ru\/cookie-policy\/#breadcrumb","itemListElement":[{"@type":"ListItem","position":1,"name":"Home","item":"https:\/\/prussiani.com\/"},{"@type":"ListItem","position":2,"name":"Cookie Policy"}]},{"@type":"WebSite","@id":"https:\/\/prussiani.com\/#website","url":"https:\/\/prussiani.com\/","name":"Prussiani Engineering","description":"Stone Machine Culture","publisher":{"@id":"https:\/\/prussiani.com\/#organization"},"potentialAction":[{"@type":"SearchAction","target":{"@type":"EntryPoint","urlTemplate":"https:\/\/prussiani.com\/?s={search_term_string}"},"query-input":{"@type":"PropertyValueSpecification","valueRequired":true,"valueName":"search_term_string"}}],"inLanguage":"ru-RU"},{"@type":"Organization","@id":"https:\/\/prussiani.com\/#organization","name":"Prussiani Engineering","url":"https:\/\/prussiani.com\/","logo":{"@type":"ImageObject","inLanguage":"ru-RU","@id":"https:\/\/prussiani.com\/#\/schema\/logo\/image\/","url":"https:\/\/prussiani.com\/wp-content\/uploads\/2022\/10\/prussiani-logo@2x.png","contentUrl":"https:\/\/prussiani.com\/wp-content\/uploads\/2022\/10\/prussiani-logo@2x.png","width":402,"height":188,"caption":"Prussiani Engineering"},"image":{"@id":"https:\/\/prussiani.com\/#\/schema\/logo\/image\/"},"sameAs":["https:\/\/www.facebook.com\/prussianieng\/","https:\/\/www.instagram.com\/prussiani_engineering\/","https:\/\/www.linkedin.com\/company\/prussiani-engineering-s-r-l-\/","https:\/\/www.youtube.com\/user\/Prussianiengineering"]}]}},"_links":{"self":[{"href":"https:\/\/prussiani.com\/ru\/wp-json\/wp\/v2\/pages\/14370","targetHints":{"allow":["GET"]}}],"collection":[{"href":"https:\/\/prussiani.com\/ru\/wp-json\/wp\/v2\/pages"}],"about":[{"href":"https:\/\/prussiani.com\/ru\/wp-json\/wp\/v2\/types\/page"}],"author":[{"embeddable":true,"href":"https:\/\/prussiani.com\/ru\/wp-json\/wp\/v2\/users\/8923"}],"replies":[{"embeddable":true,"href":"https:\/\/prussiani.com\/ru\/wp-json\/wp\/v2\/comments?post=14370"}],"version-history":[{"count":1,"href":"https:\/\/prussiani.com\/ru\/wp-json\/wp\/v2\/pages\/14370\/revisions"}],"predecessor-version":[{"id":14371,"href":"https:\/\/prussiani.com\/ru\/wp-json\/wp\/v2\/pages\/14370\/revisions\/14371"}],"wp:attachment":[{"href":"https:\/\/prussiani.com\/ru\/wp-json\/wp\/v2\/media?parent=14370"}],"curies":[{"name":"wp","href":"https:\/\/api.w.org\/{rel}","templated":true}]}}